{"id":32,"date":"2023-08-07T13:43:27","date_gmt":"2023-08-07T13:43:27","guid":{"rendered":"https:\/\/mejrcs.com\/?page_id=32"},"modified":"2025-12-05T10:34:39","modified_gmt":"2025-12-05T13:34:39","slug":"about-us","status":"publish","type":"page","link":"https:\/\/mejrcs.com\/es\/about-us\/","title":{"rendered":"Quienes Somos"},"content":{"rendered":"<div class=\"wpb-content-wrapper\"><div class=\"vc_row wpb_row vc_row-fluid vc_custom_1763327659066 vc_row-o-equal-height vc_row-flex wpex-vc-full-width-row wpex-vc-full-width-row--centered wpex-relative wpex-vc-has-custom-column-spacing wpex-vc-column-spacing-0px wpex-vc_row-has-fill no-bottom-margins wpex-vc-reset-negative-margin\" style=\"background-color:#262626!important;\"><div class=\"wpb_column vc_column_container vc_col-sm-12\"><div class=\"vc_column-inner\"><div class=\"wpb_wrapper\"><style>.vcex-heading.vcex_6a072a36105bb{color:rgba(255,255,255,0.6);font-size:var(--wpex-text-sm);font-weight:600;text-transform:uppercase;letter-spacing:var(--wpex-tracking-wider);}<\/style><div class=\"vcex-heading vcex-heading-plain vcex-module wpex-heading wpex-text-2xl wpex-mb-10 wpex-text-center vcex_6a072a36105bb\"><span class=\"vcex-heading-inner wpex-inline-block\">MEJR CONSULTING<\/span><\/div><style>.vcex-heading.vcex_6a072a3611690{width:700px;color:#FFF;font-size:var(--wpex-text-4xl);font-weight:700;}<\/style><h2 class=\"vcex-heading vcex-heading-plain vcex-module wpex-text-balance wpex-heading wpex-text-2xl wpex-mb-20 wpex-text-center wpex-max-w-100 wpex-mx-auto vcex_6a072a3611690\"><span class=\"vcex-heading-inner wpex-inline-block\">Somos un equipo de profesionales altamente capacitados y con gran experiencia en servicios de Consultor\u00eda SAP y TI en diferentes industrias y pa\u00edses alrededor del mundo.<\/span><\/h2><\/div><\/div><\/div><\/div><div class=\"vc_row wpb_row vc_row-fluid vc_custom_1763327568648 vc_row-o-equal-height vc_row-o-content-middle vc_row-flex wpex-vc-full-width-row wpex-vc-full-width-row--centered wpex-relative wpex-vc-has-custom-column-spacing wpex-vc-column-spacing-0px wpex-vc_row-has-fill no-bottom-margins wpex-vc-reset-negative-margin\" style=\"background-color:#ffffff!important;\"><div class=\"wpb_column vc_column_container vc_col-sm-6\"><div class=\"vc_column-inner\"><div class=\"wpb_wrapper\"><style>.vcex-list_item.vcex_6a072a3611d00{font-weight:500;}.vcex-list_item.vcex_6a072a3611d00 .vcex-list-item-icon-inner{color:#b40309;}<\/style><div class=\"vcex-list_item vcex-module wpex-m-0 wpex-max-w-100 wpex-mb-10 vcex_6a072a3611d00\"><div class=\"vcex-list-item-inner wpex-inline-flex wpex-flex-no-wrap\"><div class=\"vcex-list-item-icon wpex-mr-10\"><div class=\"vcex-list-item-icon-inner vcex-icon-wrap wpex-inline-flex wpex-justify-center wpex-items-center wpex-leading-none wpex-child-inherit-color\"><span class=\"wpex-icon--w wpex-icon\" aria-hidden=\"true\"><svg xmlns=\"http:\/\/www.w3.org\/2000\/svg\" viewbox=\"0 0 512 512\"><path d=\"M256 512A256 256 0 1 0 256 0a256 256 0 1 0 0 512z\"\/><\/svg><\/span><\/div><\/div><div class=\"vcex-list-item-text vcex-content wpex-flex-grow\">NUESTRO DIRECTOR<\/div><\/div><\/div><style>.vcex-heading.vcex_6a072a361230d{font-size:var(--wpex-text-7xl);font-weight:700;}<\/style><h1 class=\"vcex-heading vcex-heading-plain vcex-module wpex-text-balance wpex-heading wpex-text-2xl vcex_6a072a361230d\"><span class=\"vcex-heading-inner wpex-inline-block\">Mario Jofr\u00e9 R.<\/span><\/h1><style>.vcex-heading.vcex_6a072a36126af{font-size:var(--wpex-text-4xl);font-weight:400;}<\/style><h2 class=\"vcex-heading vcex-heading-plain vcex-module wpex-text-balance wpex-heading wpex-text-2xl vcex_6a072a36126af\"><span class=\"vcex-heading-inner wpex-inline-block\">CEO<\/span><\/h2><div class=\"vcex-spacing wpex-w-100 wpex-clear\" style=\"height:30px;\"><\/div>\n\t<div style=\"margin-bottom:40px;\" class=\"wpb_text_column wpb_content_element wpex-text-pretty\" >\n\t\t<div class=\"wpb_wrapper\">\n\t\t\t<p>Consultor Senior de SAP Utilities y L\u00edder con m\u00e1s de 15 a\u00f1os de experiencia, con profundo conocimiento en el proceso de medidor a efectivo para proyectos SAP Hana R3 y S4.<\/p>\n\n\t\t<\/div>\n\t<\/div>\n<style>.vcex-social-links.vcex_6a072a3612f0d{font-size:18px;}<\/style><div class=\"vcex-social-links vcex-module wpex-flex wpex-flex-wrap wpex-social-btns vcex-social-btns wpex-items-center wpex-gap-5 wpex-last-mr-0 vcex_6a072a3612f0d\"><a href=\"https:\/\/www.linkedin.com\/in\/mario-jofre-rebolledo-1bb0494a\/\" class=\"vcex-social-links__item wpex-social-btn wpex-social-btn-bordered wpex-social-border wpex-rounded-sm wpex-social-color wpex-linkedin\" target=\"_blank\" rel=\"noopener noreferrer\"><span class=\"vcex-social-links__icon wpex-icon\" aria-hidden=\"true\"><svg xmlns=\"http:\/\/www.w3.org\/2000\/svg\" viewbox=\"0 0 448 512\"><path d=\"M100.3 448H7.4V148.9h92.9zM53.8 108.1C24.1 108.1 0 83.5 0 53.8a53.8 53.8 0 0 1 107.6 0c0 29.7-24.1 54.3-53.8 54.3zM447.9 448h-92.7V302.4c0-34.7-.7-79.2-48.3-79.2-48.3 0-55.7 37.7-55.7 76.7V448h-92.8V148.9h89.1v40.8h1.3c12.4-23.5 42.7-48.3 87.9-48.3 94 0 111.3 61.9 111.3 142.3V448z\"\/><\/svg><\/span><span class=\"screen-reader-text\">LinkedIn<\/span><\/a><\/div><\/div><\/div><\/div><div class=\"wpb_column vc_column_container vc_col-sm-6\"><div class=\"vc_column-inner\"><div class=\"wpb_wrapper\"><style>.vcex-image.vcex_6a072a3613642 .vcex-image-img{border-radius:var(--wpex-rounded-full);}.vcex-image.vcex_6a072a3613642 .vcex-image-inner{max-width:400px;}<\/style><figure class=\"vcex-image vcex-module wpex-text-center vcex_6a072a3613642\"><div class=\"vcex-image-inner wpex-relative wpex-inline-block\"><img width=\"768\" height=\"768\" src=\"https:\/\/mejrcs.com\/wp-content\/uploads\/2025\/11\/mario-768x768_2.png\" class=\"vcex-image-img wpex-align-middle\" alt=\"\" loading=\"lazy\" decoding=\"async\" srcset=\"https:\/\/mejrcs.com\/wp-content\/uploads\/2025\/11\/mario-768x768_2.png 768w, https:\/\/mejrcs.com\/wp-content\/uploads\/2025\/11\/mario-768x768_2-300x300.png 300w, https:\/\/mejrcs.com\/wp-content\/uploads\/2025\/11\/mario-768x768_2-150x150.png 150w, https:\/\/mejrcs.com\/wp-content\/uploads\/2025\/11\/mario-768x768_2-12x12.png 12w\" sizes=\"auto, (max-width: 768px) 100vw, 768px\" \/><\/div><\/figure><\/div><\/div><\/div><\/div><div class=\"vc_row wpb_row vc_row-fluid wpex-py-60 wpex-relative no-bottom-margins\"><div class=\"wpb_column vc_column_container vc_col-sm-12\"><div class=\"vc_column-inner\"><div class=\"wpb_wrapper\"><style>.vcex-heading.vcex_6a072a3616247{font-size:var(--wpex-text-3xl);font-weight:700;}<\/style><div class=\"vcex-heading vcex-heading-plain vcex-module wpex-heading wpex-text-2xl vcex_6a072a3616247\"><span class=\"vcex-heading-inner wpex-inline-block\">\u00bfPORQUE ELEGIRNOS?<\/span><\/div>\n\t<div style=\"margin-bottom:30px;\" class=\"wpb_text_column wpb_content_element\" >\n\t\t<div class=\"wpb_wrapper\">\n\t\t\t<p>Nuestros valores fundamentales de integridad, compromiso y colaboraci\u00f3n nos impulsan a entregar resultados excepcionales a nuestros clientes. Cada proyecto es un nuevo desaf\u00edo, y nos involucramos de manera cercana con nuestros clientes para comprender sus necesidades y objetivos.<\/p>\n\n\t\t<\/div>\n\t<\/div>\n<div class=\"vcex-grid-container vcex-module wpex-grid wpex-gap-20 wpex-grid-cols-1 wpex-md-grid-cols-2\"><style>.vcex-icon-box.vcex_6a072a3616953{background-color:#112877;}.vcex-icon-box.vcex_6a072a3616953 .vcex-icon-box-content{color:rgba(255,255,255,0.6);}.vcex-icon-box.vcex_6a072a3616953 .vcex-icon-box-heading{color:#fff;font-weight:700;}.vcex-icon-box.vcex_6a072a3616953 .vcex-icon-box-icon{font-size:40px;color:#327eff;}<\/style><div class=\"vcex-module vcex-icon-box vcex-icon-box-two wpex-block wpex-py-40 wpex-px-40 wpex-text-left vcex_6a072a3616953\"><div class=\"vcex-icon-box-symbol vcex-icon-box-symbol--icon wpex-mb-20\"><div class=\"vcex-icon-box-icon wpex-items-center wpex-justify-center wpex-child-inherit-color wpex-text-center wpex-leading-none wpex-inline-flex wpex-text-1\"><span class=\"wpex-flex wpex-icon\" aria-hidden=\"true\"><svg xmlns=\"http:\/\/www.w3.org\/2000\/svg\" viewbox=\"0 0 512 512\"><path d=\"M416 208c0 45.9-14.9 88.3-40 122.7L502.6 457.4c12.5 12.5 12.5 32.8 0 45.3s-32.8 12.5-45.3 0L330.7 376c-34.4 25.2-76.8 40-122.7 40C93.1 416 0 322.9 0 208S93.1 0 208 0S416 93.1 416 208zM208 352a144 144 0 1 0 0-288 144 144 0 1 0 0 288z\"\/><\/svg><\/span><\/div><\/div><div class=\"vcex-icon-box-text\"><h2 class=\"vcex-icon-box-heading wpex-heading wpex-text-md wpex-mb-10\">Experiencia y Conocimiento Profundo<\/h2><div class=\"vcex-icon-box-content wpex-last-mb-0 wpex-clr\"><p>Nuestro equipo est\u00e1 compuesto por expertos en SAP con una amplia experiencia en diversos m\u00f3dulos y verticales. Desde la implementaci\u00f3n inicial hasta las actualizaciones y mejoras continuas, nuestros consultores han enfrentado y superado una amplia gama de desaf\u00edos, lo que nos permite ofrecer soluciones efectivas y adaptadas a las necesidades espec\u00edficas de su empresa.<\/p>\n<\/div><\/div><\/div><style>.vcex-icon-box.vcex_6a072a36172e6{background-color:#112877;}.vcex-icon-box.vcex_6a072a36172e6 .vcex-icon-box-content{color:rgba(255,255,255,0.6);}.vcex-icon-box.vcex_6a072a36172e6 .vcex-icon-box-heading{color:#fff;font-weight:700;}.vcex-icon-box.vcex_6a072a36172e6 .vcex-icon-box-icon{font-size:40px;color:#327eff;}<\/style><div class=\"vcex-module vcex-icon-box vcex-icon-box-two wpex-block wpex-py-40 wpex-px-40 wpex-text-left vcex_6a072a36172e6\"><div class=\"vcex-icon-box-symbol vcex-icon-box-symbol--icon wpex-mb-20\"><div class=\"vcex-icon-box-icon wpex-items-center wpex-justify-center wpex-child-inherit-color wpex-text-center wpex-leading-none wpex-inline-flex wpex-text-1\"><span class=\"wpex-flex wpex-icon\" aria-hidden=\"true\"><svg xmlns=\"http:\/\/www.w3.org\/2000\/svg\" viewbox=\"0 0 32 32\"><path d=\"M26.321 16.304l0.696 0.911q0.143 0.196 0.116 0.42t-0.205 0.366q-0.768 0.607-2.259 1.759t-2.616 2.018-1.196 0.92q-0.696 0.571-1.071 0.857t-1.080 0.732-1.366 0.652-1.321 0.205h-0.036q-0.661 0-1.321-0.205t-1.357-0.652-1.089-0.741-1.071-0.848q-0.089-0.071-1.161-0.902t-2.563-1.982-2.188-1.688q-0.196-0.143-0.223-0.366t0.116-0.42l0.661-0.929q0.143-0.196 0.384-0.232t0.438 0.125q1.679 1.304 5.464 4.214 0.089 0.071 0.777 0.625t1.080 0.83 1.009 0.58 1.045 0.304h0.036q0.429 0 1.045-0.304t1.009-0.58 1.080-0.83 0.777-0.625q4.607-3.536 5.589-4.321 0.196-0.143 0.429-0.116t0.375 0.223zM29.714 29.143v-16.571q-1.607-1.482-2.839-2.482-1.625-1.321-6.946-5.429-0.054-0.036-0.768-0.625t-1.089-0.857-1-0.58-1.054-0.313h-0.036q-0.429 0-1.054 0.313t-1 0.58-1.089 0.857-0.768 0.625q-3.839 2.964-5.634 4.384t-2.313 1.857-1.464 1.33q-0.25 0.214-0.375 0.339v16.571q0 0.232 0.17 0.402t0.402 0.17h26.286q0.232 0 0.402-0.17t0.17-0.402zM32 12.571v16.571q0 1.179-0.839 2.018t-2.018 0.839h-26.286q-1.179 0-2.018-0.839t-0.839-2.018v-16.571q0-1 0.732-1.679 2.196-2.036 6.25-5.188t4.161-3.241q0.643-0.536 1.054-0.848t1.098-0.75 1.357-0.652 1.33-0.214h0.036q0.661 0 1.33 0.214t1.357 0.652 1.098 0.75 1.054 0.848q0.768 0.643 2.786 2.179t4.036 3.161 3.589 3.089q0.732 0.679 0.732 1.679z\"><\/path><\/svg><\/span><\/div><\/div><div class=\"vcex-icon-box-text\"><h2 class=\"vcex-icon-box-heading wpex-heading wpex-text-md wpex-mb-10\">Enfoque Personalizado<\/h2><div class=\"vcex-icon-box-content wpex-last-mb-0 wpex-clr\"><p>Entendemos que cada empresa es \u00fanica y tiene requisitos distintos. Por lo tanto, adoptamos un enfoque personalizado para cada proyecto, trabajando estrechamente con nuestros clientes para dise\u00f1ar soluciones que impulsen el crecimiento y la eficiencia empresarial. Nuestra flexibilidad nos permite adaptarnos a las demandas cambiantes del mercado y garantizar que nuestras soluciones SAP sean escalables y sostenibles a largo plazo.<\/p>\n<\/div><\/div><\/div><style>.vcex-icon-box.vcex_6a072a3617683{background-color:#112877;}.vcex-icon-box.vcex_6a072a3617683 .vcex-icon-box-content{color:rgba(255,255,255,0.6);}.vcex-icon-box.vcex_6a072a3617683 .vcex-icon-box-heading{color:#fff;font-weight:700;}.vcex-icon-box.vcex_6a072a3617683 .vcex-icon-box-icon{font-size:40px;color:#327eff;}<\/style><div class=\"vcex-module vcex-icon-box vcex-icon-box-two wpex-block wpex-py-40 wpex-px-40 wpex-text-left vcex_6a072a3617683\"><div class=\"vcex-icon-box-symbol vcex-icon-box-symbol--icon wpex-mb-20\"><div class=\"vcex-icon-box-icon wpex-items-center wpex-justify-center wpex-child-inherit-color wpex-text-center wpex-leading-none wpex-inline-flex wpex-text-1\"><span class=\"wpex-flex wpex-icon\" aria-hidden=\"true\"><svg xmlns=\"http:\/\/www.w3.org\/2000\/svg\" viewbox=\"0 0 512 512\"><path d=\"M57.7 193l9.4 16.4c8.3 14.5 21.9 25.2 38 29.8L163 255.7c17.2 4.9 29 20.6 29 38.5v39.9c0 11 6.2 21 16 25.9s16 14.9 16 25.9v39c0 15.6 14.9 26.9 29.9 22.6c16.1-4.6 28.6-17.5 32.7-33.8l2.8-11.2c4.2-16.9 15.2-31.4 30.3-40l8.1-4.6c15-8.5 24.2-24.5 24.2-41.7v-8.3c0-12.7-5.1-24.9-14.1-33.9l-3.9-3.9c-9-9-21.2-14.1-33.9-14.1H257c-11.1 0-22.1-2.9-31.8-8.4l-34.5-19.7c-4.3-2.5-7.6-6.5-9.2-11.2c-3.2-9.6 1.1-20 10.2-24.5l5.9-3c6.6-3.3 14.3-3.9 21.3-1.5l23.2 7.7c8.2 2.7 17.2-.4 21.9-7.5c4.7-7 4.2-16.3-1.2-22.8l-13.6-16.3c-10-12-9.9-29.5 .3-41.3l15.7-18.3c8.8-10.3 10.2-25 3.5-36.7l-2.4-4.2c-3.5-.2-6.9-.3-10.4-.3C163.1 48 84.4 108.9 57.7 193zM464 256c0-36.8-9.6-71.4-26.4-101.5L412 164.8c-15.7 6.3-23.8 23.8-18.5 39.8l16.9 50.7c3.5 10.4 12 18.3 22.6 20.9l29.1 7.3c1.2-9 1.8-18.2 1.8-27.5zM0 256a256 256 0 1 1 512 0A256 256 0 1 1 0 256z\"\/><\/svg><\/span><\/div><\/div><div class=\"vcex-icon-box-text\"><h2 class=\"vcex-icon-box-heading wpex-heading wpex-text-md wpex-mb-10\">Compromiso con el \u00c9xito del Cliente<\/h2><div class=\"vcex-icon-box-content wpex-last-mb-0 wpex-clr\"><p>El \u00e9xito de nuestros clientes es nuestro \u00e9xito. Nos comprometemos a entregar resultados excepcionales y a garantizar que nuestros clientes alcancen sus objetivos comerciales. Estamos dedicados a ofrecer un servicio de primera clase, brindando soporte continuo y asesoramiento estrat\u00e9gico en todas las etapas del proyecto. Nuestro enfoque centrado en el cliente ha forjado relaciones s\u00f3lidas y duraderas con empresas de diversos sectores.<\/p>\n<\/div><\/div><\/div><style>.vcex-icon-box.vcex_6a072a3617a04{background-color:#112877;}.vcex-icon-box.vcex_6a072a3617a04 .vcex-icon-box-content{color:rgba(255,255,255,0.6);}.vcex-icon-box.vcex_6a072a3617a04 .vcex-icon-box-heading{color:#fff;font-weight:700;}.vcex-icon-box.vcex_6a072a3617a04 .vcex-icon-box-icon{font-size:40px;color:#327eff;}<\/style><div class=\"vcex-module vcex-icon-box vcex-icon-box-two wpex-block wpex-py-40 wpex-px-40 wpex-text-left vcex_6a072a3617a04\"><div class=\"vcex-icon-box-symbol vcex-icon-box-symbol--icon wpex-mb-20\"><div class=\"vcex-icon-box-icon wpex-items-center wpex-justify-center wpex-child-inherit-color wpex-text-center wpex-leading-none wpex-inline-flex wpex-text-1\"><span class=\"wpex-flex wpex-icon\" aria-hidden=\"true\"><svg xmlns=\"http:\/\/www.w3.org\/2000\/svg\" viewbox=\"0 0 512 512\"><path d=\"M0 416c0 17.7 14.3 32 32 32l54.7 0c12.3 28.3 40.5 48 73.3 48s61-19.7 73.3-48L480 448c17.7 0 32-14.3 32-32s-14.3-32-32-32l-246.7 0c-12.3-28.3-40.5-48-73.3-48s-61 19.7-73.3 48L32 384c-17.7 0-32 14.3-32 32zm128 0a32 32 0 1 1 64 0 32 32 0 1 1 -64 0zM320 256a32 32 0 1 1 64 0 32 32 0 1 1 -64 0zm32-80c-32.8 0-61 19.7-73.3 48L32 224c-17.7 0-32 14.3-32 32s14.3 32 32 32l246.7 0c12.3 28.3 40.5 48 73.3 48s61-19.7 73.3-48l54.7 0c17.7 0 32-14.3 32-32s-14.3-32-32-32l-54.7 0c-12.3-28.3-40.5-48-73.3-48zM192 128a32 32 0 1 1 0-64 32 32 0 1 1 0 64zm73.3-64C253 35.7 224.8 16 192 16s-61 19.7-73.3 48L32 64C14.3 64 0 78.3 0 96s14.3 32 32 32l86.7 0c12.3 28.3 40.5 48 73.3 48s61-19.7 73.3-48L480 128c17.7 0 32-14.3 32-32s-14.3-32-32-32L265.3 64z\"\/><\/svg><\/span><\/div><\/div><div class=\"vcex-icon-box-text\"><h2 class=\"vcex-icon-box-heading wpex-heading wpex-text-md wpex-mb-10\">Innovation and Advanced Technology<\/h2><div class=\"vcex-icon-box-content wpex-last-mb-0 wpex-clr\"><p>Nos mantenemos al d\u00eda con las \u00faltimas tendencias y avances tecnol\u00f3gicos en el mundo de SAP. Esto nos permite incorporar soluciones innovadoras y pr\u00e1cticas en nuestros proyectos, mejorando la eficiencia operativa y permitiendo a nuestros clientes aprovechar al m\u00e1ximo su inversi\u00f3n en SAP. Nuestra pasi\u00f3n por la innovaci\u00f3n impulsa la b\u00fasqueda constante de oportunidades para optimizar y potenciar los sistemas de nuestros clientes!<\/p>\n<\/div><\/div><\/div><\/div><\/div><\/div><\/div><\/div>\n<\/div>","protected":false},"excerpt":{"rendered":"MEJR CONSULTINGWe are a team of professionals highly trained and big experienced in SAP and TI Consulting services in different industries and countries around the world.OUR DIRECTORMario Jofr\u00e9 R.CEO SAP Senior SAP Utilities Consultant and Lead with 15+ years\u2019 experience, with deep knowledge in meter- To- Cash process for R3 and S4 SAP Hana projects.&hellip;","protected":false},"author":1,"featured_media":0,"parent":0,"menu_order":0,"comment_status":"closed","ping_status":"closed","template":"","meta":{"inline_featured_image":false,"_monsterinsights_skip_tracking":false,"_monsterinsights_sitenote_active":false,"_monsterinsights_sitenote_note":"","_monsterinsights_sitenote_category":0,"footnotes":""},"class_list":["post-32","page","type-page","status-publish","hentry","entry","no-media"],"yoast_head":"<!-- This site is optimized with the Yoast SEO plugin v23.3 - https:\/\/yoast.com\/wordpress\/plugins\/seo\/ -->\n<title>About us - MEJR Consulting<\/title>\n<meta name=\"description\" content=\"Nuestra misi\u00f3n es ser un apoyo a su compa\u00f1\u00eda para sus proyectos SAP, mediante ellos aportar nuestros conocimientos y experiencias para ayudar en las distintas etapas de su proyecto SAP, cumpliendo los objetivos y metas planteadas.\" \/>\n<meta name=\"robots\" content=\"index, follow, max-snippet:-1, max-image-preview:large, max-video-preview:-1\" \/>\n<link rel=\"canonical\" href=\"https:\/\/mejrcs.com\/es\/about-us\/\" \/>\n<meta property=\"og:locale\" content=\"es_ES\" \/>\n<meta property=\"og:type\" content=\"article\" \/>\n<meta property=\"og:title\" content=\"About us - MEJR Consulting\" \/>\n<meta property=\"og:description\" content=\"Nuestra misi\u00f3n es ser un apoyo a su compa\u00f1\u00eda para sus proyectos SAP, mediante ellos aportar nuestros conocimientos y experiencias para ayudar en las distintas etapas de su proyecto SAP, cumpliendo los objetivos y metas planteadas.\" \/>\n<meta property=\"og:url\" content=\"https:\/\/mejrcs.com\/es\/about-us\/\" \/>\n<meta property=\"og:site_name\" content=\"MEJR Consulting\" \/>\n<meta property=\"article:modified_time\" content=\"2025-12-05T13:34:39+00:00\" \/>\n<meta name=\"twitter:card\" content=\"summary_large_image\" \/>\n<meta name=\"twitter:label1\" content=\"Tiempo de lectura\" \/>\n\t<meta name=\"twitter:data1\" content=\"3 minutos\" \/>\n<script type=\"application\/ld+json\" class=\"yoast-schema-graph\">{\"@context\":\"https:\/\/schema.org\",\"@graph\":[{\"@type\":\"WebPage\",\"@id\":\"https:\/\/mejrcs.com\/about-us\/\",\"url\":\"https:\/\/mejrcs.com\/about-us\/\",\"name\":\"About us - MEJR Consulting\",\"isPartOf\":{\"@id\":\"https:\/\/mejrcs.com\/#website\"},\"datePublished\":\"2023-08-07T13:43:27+00:00\",\"dateModified\":\"2025-12-05T13:34:39+00:00\",\"description\":\"Nuestra misi\u00f3n es ser un apoyo a su compa\u00f1\u00eda para sus proyectos SAP, mediante ellos aportar nuestros conocimientos y experiencias para ayudar en las distintas etapas de su proyecto SAP, cumpliendo los objetivos y metas planteadas.\",\"breadcrumb\":{\"@id\":\"https:\/\/mejrcs.com\/about-us\/#breadcrumb\"},\"inLanguage\":\"es\",\"potentialAction\":[{\"@type\":\"ReadAction\",\"target\":[\"https:\/\/mejrcs.com\/about-us\/\"]}]},{\"@type\":\"BreadcrumbList\",\"@id\":\"https:\/\/mejrcs.com\/about-us\/#breadcrumb\",\"itemListElement\":[{\"@type\":\"ListItem\",\"position\":1,\"name\":\"Portada\",\"item\":\"https:\/\/mejrcs.com\/\"},{\"@type\":\"ListItem\",\"position\":2,\"name\":\"About us\"}]},{\"@type\":\"WebSite\",\"@id\":\"https:\/\/mejrcs.com\/#website\",\"url\":\"https:\/\/mejrcs.com\/\",\"name\":\"MEJR Consulting\",\"description\":\"SAP Consultants\",\"publisher\":{\"@id\":\"https:\/\/mejrcs.com\/#organization\"},\"potentialAction\":[{\"@type\":\"SearchAction\",\"target\":{\"@type\":\"EntryPoint\",\"urlTemplate\":\"https:\/\/mejrcs.com\/?s={search_term_string}\"},\"query-input\":\"required name=search_term_string\"}],\"inLanguage\":\"es\"},{\"@type\":\"Organization\",\"@id\":\"https:\/\/mejrcs.com\/#organization\",\"name\":\"MEJR Consulting\",\"url\":\"https:\/\/mejrcs.com\/\",\"logo\":{\"@type\":\"ImageObject\",\"inLanguage\":\"es\",\"@id\":\"https:\/\/mejrcs.com\/#\/schema\/logo\/image\/\",\"url\":\"https:\/\/mejrcs.com\/wp-content\/uploads\/2025\/09\/logo_banner_2.svg\",\"contentUrl\":\"https:\/\/mejrcs.com\/wp-content\/uploads\/2025\/09\/logo_banner_2.svg\",\"caption\":\"MEJR Consulting\"},\"image\":{\"@id\":\"https:\/\/mejrcs.com\/#\/schema\/logo\/image\/\"}}]}<\/script>\n<!-- \/ Yoast SEO plugin. -->","yoast_head_json":{"title":"About us - MEJR Consulting","description":"Nuestra misi\u00f3n es ser un apoyo a su compa\u00f1\u00eda para sus proyectos SAP, mediante ellos aportar nuestros conocimientos y experiencias para ayudar en las distintas etapas de su proyecto SAP, cumpliendo los objetivos y metas planteadas.","robots":{"index":"index","follow":"follow","max-snippet":"max-snippet:-1","max-image-preview":"max-image-preview:large","max-video-preview":"max-video-preview:-1"},"canonical":"https:\/\/mejrcs.com\/es\/about-us\/","og_locale":"es_ES","og_type":"article","og_title":"About us - MEJR Consulting","og_description":"Nuestra misi\u00f3n es ser un apoyo a su compa\u00f1\u00eda para sus proyectos SAP, mediante ellos aportar nuestros conocimientos y experiencias para ayudar en las distintas etapas de su proyecto SAP, cumpliendo los objetivos y metas planteadas.","og_url":"https:\/\/mejrcs.com\/es\/about-us\/","og_site_name":"MEJR Consulting","article_modified_time":"2025-12-05T13:34:39+00:00","twitter_card":"summary_large_image","twitter_misc":{"Tiempo de lectura":"3 minutos"},"schema":{"@context":"https:\/\/schema.org","@graph":[{"@type":"WebPage","@id":"https:\/\/mejrcs.com\/about-us\/","url":"https:\/\/mejrcs.com\/about-us\/","name":"About us - MEJR Consulting","isPartOf":{"@id":"https:\/\/mejrcs.com\/#website"},"datePublished":"2023-08-07T13:43:27+00:00","dateModified":"2025-12-05T13:34:39+00:00","description":"Nuestra misi\u00f3n es ser un apoyo a su compa\u00f1\u00eda para sus proyectos SAP, mediante ellos aportar nuestros conocimientos y experiencias para ayudar en las distintas etapas de su proyecto SAP, cumpliendo los objetivos y metas planteadas.","breadcrumb":{"@id":"https:\/\/mejrcs.com\/about-us\/#breadcrumb"},"inLanguage":"es","potentialAction":[{"@type":"ReadAction","target":["https:\/\/mejrcs.com\/about-us\/"]}]},{"@type":"BreadcrumbList","@id":"https:\/\/mejrcs.com\/about-us\/#breadcrumb","itemListElement":[{"@type":"ListItem","position":1,"name":"Portada","item":"https:\/\/mejrcs.com\/"},{"@type":"ListItem","position":2,"name":"About us"}]},{"@type":"WebSite","@id":"https:\/\/mejrcs.com\/#website","url":"https:\/\/mejrcs.com\/","name":"MEJR Consulting","description":"SAP Consultants","publisher":{"@id":"https:\/\/mejrcs.com\/#organization"},"potentialAction":[{"@type":"SearchAction","target":{"@type":"EntryPoint","urlTemplate":"https:\/\/mejrcs.com\/?s={search_term_string}"},"query-input":"required name=search_term_string"}],"inLanguage":"es"},{"@type":"Organization","@id":"https:\/\/mejrcs.com\/#organization","name":"MEJR Consulting","url":"https:\/\/mejrcs.com\/","logo":{"@type":"ImageObject","inLanguage":"es","@id":"https:\/\/mejrcs.com\/#\/schema\/logo\/image\/","url":"https:\/\/mejrcs.com\/wp-content\/uploads\/2025\/09\/logo_banner_2.svg","contentUrl":"https:\/\/mejrcs.com\/wp-content\/uploads\/2025\/09\/logo_banner_2.svg","caption":"MEJR Consulting"},"image":{"@id":"https:\/\/mejrcs.com\/#\/schema\/logo\/image\/"}}]}},"_links":{"self":[{"href":"https:\/\/mejrcs.com\/es\/wp-json\/wp\/v2\/pages\/32","targetHints":{"allow":["GET"]}}],"collection":[{"href":"https:\/\/mejrcs.com\/es\/wp-json\/wp\/v2\/pages"}],"about":[{"href":"https:\/\/mejrcs.com\/es\/wp-json\/wp\/v2\/types\/page"}],"author":[{"embeddable":true,"href":"https:\/\/mejrcs.com\/es\/wp-json\/wp\/v2\/users\/1"}],"replies":[{"embeddable":true,"href":"https:\/\/mejrcs.com\/es\/wp-json\/wp\/v2\/comments?post=32"}],"version-history":[{"count":107,"href":"https:\/\/mejrcs.com\/es\/wp-json\/wp\/v2\/pages\/32\/revisions"}],"predecessor-version":[{"id":1364,"href":"https:\/\/mejrcs.com\/es\/wp-json\/wp\/v2\/pages\/32\/revisions\/1364"}],"wp:attachment":[{"href":"https:\/\/mejrcs.com\/es\/wp-json\/wp\/v2\/media?parent=32"}],"curies":[{"name":"wp","href":"https:\/\/api.w.org\/{rel}","templated":true}]}}