{"id":1264,"date":"2025-11-16T14:00:45","date_gmt":"2025-11-16T17:00:45","guid":{"rendered":"https:\/\/mejrcs.com\/?page_id=1264"},"modified":"2025-11-16T15:10:23","modified_gmt":"2025-11-16T18:10:23","slug":"sap-consulting-services","status":"publish","type":"page","link":"https:\/\/mejrcs.com\/es\/sap-consulting-services\/","title":{"rendered":"SAP CONSULTING SERVICES"},"content":{"rendered":"<div class=\"wpb-content-wrapper\"><div class=\"vc_row wpb_row vc_row-fluid wpex-relative\"><div class=\"wpb_column vc_column_container vc_col-sm-12\"><div class=\"vc_column-inner\"><div class=\"wpb_wrapper\"><div class=\"vcex-module vcex-portfolio-grid-wrap wpex-clr\"><div class=\"wpex-row vcex-portfolio-grid wpex-clr entries vcex-isotope-grid wpex-overflow-hidden left-thumbs\"><div class=\"portfolio-entry vcex-grid-item entry-has-details span_1_of_1 col vcex-isotope-entry entry post-1060 type-portfolio has-media\"><div class=\"portfolio-entry-inner entry-inner wpex-first-mt-0 wpex-last-mb-0 wpex-md-flex wpex-md-flex-wrap wpex-md-justify-between\"><div class=\"portfolio-entry-media entry-media wpex-relative wpex-mb-20 wpex-md-mb-0\"><a href=\"https:\/\/mejrcs.com\/es\/portfolio-item\/sap-implementation\/\" title=\"IMPLEMENTACI\u00d3N DE SAP\" class=\"portfolio-entry-media-link\"><img width=\"1080\" height=\"721\" src=\"https:\/\/mejrcs.com\/wp-content\/uploads\/2024\/11\/serv_0006_sap-system-software-automation-concept-motherboard-1.jpg.jpg\" class=\"portfolio-entry-img wpex-align-middle skip-lazy\" alt=\"\" data-no-lazy=\"1\" srcset=\"https:\/\/mejrcs.com\/wp-content\/uploads\/2024\/11\/serv_0006_sap-system-software-automation-concept-motherboard-1.jpg.jpg 1080w, https:\/\/mejrcs.com\/wp-content\/uploads\/2024\/11\/serv_0006_sap-system-software-automation-concept-motherboard-1.jpg-300x200.jpg 300w, https:\/\/mejrcs.com\/wp-content\/uploads\/2024\/11\/serv_0006_sap-system-software-automation-concept-motherboard-1.jpg-1024x684.jpg 1024w, https:\/\/mejrcs.com\/wp-content\/uploads\/2024\/11\/serv_0006_sap-system-software-automation-concept-motherboard-1.jpg-768x513.jpg 768w, https:\/\/mejrcs.com\/wp-content\/uploads\/2024\/11\/serv_0006_sap-system-software-automation-concept-motherboard-1.jpg-18x12.jpg 18w\" sizes=\"(max-width: 1080px) 100vw, 1080px\" \/><\/a><\/div><div class=\"portfolio-entry-details entry-details wpex-first-mt-0 wpex-last-mb-0 wpex-clr\"><h2 class=\"portfolio-entry-title entry-title wpex-text-2xl wpex-mb-5\"><a href=\"https:\/\/mejrcs.com\/es\/portfolio-item\/sap-implementation\/\" title=\"IMPLEMENTACI\u00d3N DE SAP\">IMPLEMENTACI\u00d3N DE SAP<\/a><\/h2><div class=\"portfolio-entry-excerpt entry-excerpt wpex-my-15 wpex-text-pretty wpex-last-mb-0 wpex-clr\"><p>Nuestra amplia experiencia en implementaciones SAP nos permite guiar a su empresa en este emocionante viaje hacia la transformaci\u00f3n digital. Trabajamos de cerca con su equipo para comprender sus procesos comerciales y objetivos estrat\u00e9gicos, lo que nos permite dise\u00f1ar e implementar una soluci\u00f3n SAP personalizada y altamente eficiente. Desde la planificaci\u00f3n inicial hasta la puesta en marcha y el soporte post-implementaci\u00f3n, nos aseguramos de que su transici\u00f3n a SAP sea exitosa y sin contratiempos. Nuestra metodolog\u00eda probada y nuestro enfoque centrado en el cliente garantizan que cada aspecto de su implementaci\u00f3n se realice con precisi\u00f3n y alineaci\u00f3n con sus metas empresariales.<\/p><\/div><\/div><\/div><\/div><div class=\"portfolio-entry vcex-grid-item entry-has-details span_1_of_1 col vcex-isotope-entry entry post-1099 type-portfolio has-media\"><div class=\"portfolio-entry-inner entry-inner wpex-first-mt-0 wpex-last-mb-0 wpex-md-flex wpex-md-flex-wrap wpex-md-justify-between\"><div class=\"portfolio-entry-media entry-media wpex-relative wpex-mb-20 wpex-md-mb-0\"><a href=\"https:\/\/mejrcs.com\/es\/portfolio-item\/technical-functional-consulting\/\" title=\"CONSULTOR\u00cdA T\u00c9CNICA Y FUNCIONAL\" class=\"portfolio-entry-media-link\"><img width=\"1080\" height=\"721\" src=\"https:\/\/mejrcs.com\/wp-content\/uploads\/2024\/11\/serv_0001_business-people-pointing-tablet.jpg.jpg\" class=\"portfolio-entry-img wpex-align-middle skip-lazy\" alt=\"\" data-no-lazy=\"1\" srcset=\"https:\/\/mejrcs.com\/wp-content\/uploads\/2024\/11\/serv_0001_business-people-pointing-tablet.jpg.jpg 1080w, https:\/\/mejrcs.com\/wp-content\/uploads\/2024\/11\/serv_0001_business-people-pointing-tablet.jpg-300x200.jpg 300w, https:\/\/mejrcs.com\/wp-content\/uploads\/2024\/11\/serv_0001_business-people-pointing-tablet.jpg-1024x684.jpg 1024w, https:\/\/mejrcs.com\/wp-content\/uploads\/2024\/11\/serv_0001_business-people-pointing-tablet.jpg-768x513.jpg 768w, https:\/\/mejrcs.com\/wp-content\/uploads\/2024\/11\/serv_0001_business-people-pointing-tablet.jpg-18x12.jpg 18w\" sizes=\"(max-width: 1080px) 100vw, 1080px\" \/><\/a><\/div><div class=\"portfolio-entry-details entry-details wpex-first-mt-0 wpex-last-mb-0 wpex-clr\"><h2 class=\"portfolio-entry-title entry-title wpex-text-2xl wpex-mb-5\"><a href=\"https:\/\/mejrcs.com\/es\/portfolio-item\/technical-functional-consulting\/\" title=\"CONSULTOR\u00cdA T\u00c9CNICA Y FUNCIONAL\">CONSULTOR\u00cdA T\u00c9CNICA Y FUNCIONAL<\/a><\/h2><div class=\"portfolio-entry-excerpt entry-excerpt wpex-my-15 wpex-text-pretty wpex-last-mb-0 wpex-clr\"><p>Nuestro equipo de consultores altamente capacitados ofrece asesoramiento t\u00e9cnico y funcional para garantizar que su empresa aproveche al m\u00e1ximo su inversi\u00f3n en SAP. Desde recomendaciones sobre mejores pr\u00e1cticas y optimizaci\u00f3n de procesos hasta orientaci\u00f3n en la selecci\u00f3n de m\u00f3dulos y soluciones adecuados para sus necesidades comerciales, estamos aqu\u00ed para ayudarlo a tomar decisiones informadas y estrat\u00e9gicas. Nuestras asesor\u00edas t\u00e9cnicas y funcionales est\u00e1n dise\u00f1adas para impulsar la eficiencia operativa, mejorar la usabilidad y aumentar la rentabilidad, lo que le permite aprovechar al m\u00e1ximo el potencial de su sistema SAP.<\/p><\/div><\/div><\/div><\/div><div class=\"portfolio-entry vcex-grid-item entry-has-details span_1_of_1 col vcex-isotope-entry entry post-1101 type-portfolio has-media\"><div class=\"portfolio-entry-inner entry-inner wpex-first-mt-0 wpex-last-mb-0 wpex-md-flex wpex-md-flex-wrap wpex-md-justify-between\"><div class=\"portfolio-entry-media entry-media wpex-relative wpex-mb-20 wpex-md-mb-0\"><a href=\"https:\/\/mejrcs.com\/es\/portfolio-item\/sap-migration\/\" title=\"MIGRACI\u00d3N DE SAP\" class=\"portfolio-entry-media-link\"><img width=\"1080\" height=\"721\" src=\"https:\/\/mejrcs.com\/wp-content\/uploads\/2024\/11\/serv_0005_questions-test-survey-form-concept-education-futuristic-technology-learning-concept-questionnaire-with-checkbo.jpg\" class=\"portfolio-entry-img wpex-align-middle skip-lazy\" alt=\"\" data-no-lazy=\"1\" srcset=\"https:\/\/mejrcs.com\/wp-content\/uploads\/2024\/11\/serv_0005_questions-test-survey-form-concept-education-futuristic-technology-learning-concept-questionnaire-with-checkbo.jpg 1080w, https:\/\/mejrcs.com\/wp-content\/uploads\/2024\/11\/serv_0005_questions-test-survey-form-concept-education-futuristic-technology-learning-concept-questionnaire-with-checkbo-300x200.jpg 300w, https:\/\/mejrcs.com\/wp-content\/uploads\/2024\/11\/serv_0005_questions-test-survey-form-concept-education-futuristic-technology-learning-concept-questionnaire-with-checkbo-1024x684.jpg 1024w, https:\/\/mejrcs.com\/wp-content\/uploads\/2024\/11\/serv_0005_questions-test-survey-form-concept-education-futuristic-technology-learning-concept-questionnaire-with-checkbo-768x513.jpg 768w, https:\/\/mejrcs.com\/wp-content\/uploads\/2024\/11\/serv_0005_questions-test-survey-form-concept-education-futuristic-technology-learning-concept-questionnaire-with-checkbo-18x12.jpg 18w\" sizes=\"(max-width: 1080px) 100vw, 1080px\" \/><\/a><\/div><div class=\"portfolio-entry-details entry-details wpex-first-mt-0 wpex-last-mb-0 wpex-clr\"><h2 class=\"portfolio-entry-title entry-title wpex-text-2xl wpex-mb-5\"><a href=\"https:\/\/mejrcs.com\/es\/portfolio-item\/sap-migration\/\" title=\"MIGRACI\u00d3N DE SAP\">MIGRACI\u00d3N DE SAP<\/a><\/h2><div class=\"portfolio-entry-excerpt entry-excerpt wpex-my-15 wpex-text-pretty wpex-last-mb-0 wpex-clr\"><p>La transici\u00f3n a SAP es un paso crucial para mejorar la eficiencia y la gesti\u00f3n de su empresa. Nuestro servicio de migraci\u00f3n a SAP est\u00e1 dise\u00f1ado para garantizar una transici\u00f3n suave y exitosa desde su sistema actual a la plataforma SAP. Con una planificaci\u00f3n detallada y una ejecuci\u00f3n meticulosa, nuestros expertos se aseguran de que la migraci\u00f3n se realice con la menor interrupci\u00f3n posible en sus operaciones comerciales. Nos ocupamos de la transferencia de datos, la integraci\u00f3n con aplicaciones existentes y la capacitaci\u00f3n de su equipo para garantizar una adopci\u00f3n efectiva y un inicio de operaciones exitoso en su nuevo entorno SAP.<\/p><\/div><\/div><\/div><\/div><div class=\"portfolio-entry vcex-grid-item entry-has-details span_1_of_1 col vcex-isotope-entry entry post-1097 type-portfolio has-media\"><div class=\"portfolio-entry-inner entry-inner wpex-first-mt-0 wpex-last-mb-0 wpex-md-flex wpex-md-flex-wrap wpex-md-justify-between\"><div class=\"portfolio-entry-media entry-media wpex-relative wpex-mb-20 wpex-md-mb-0\"><a href=\"https:\/\/mejrcs.com\/es\/portfolio-item\/upgrades-rollouts\/\" title=\"ACTUALIZACIONES \u2013 IMPLEMENTACIONES\" class=\"portfolio-entry-media-link\"><img width=\"1080\" height=\"721\" src=\"https:\/\/mejrcs.com\/wp-content\/uploads\/2024\/11\/serv_0003_businessman-working-installing-update-process-software-updates-operating-system-upgrades-keep-devices-up-date-.jpg\" class=\"portfolio-entry-img wpex-align-middle skip-lazy\" alt=\"\" data-no-lazy=\"1\" srcset=\"https:\/\/mejrcs.com\/wp-content\/uploads\/2024\/11\/serv_0003_businessman-working-installing-update-process-software-updates-operating-system-upgrades-keep-devices-up-date-.jpg 1080w, https:\/\/mejrcs.com\/wp-content\/uploads\/2024\/11\/serv_0003_businessman-working-installing-update-process-software-updates-operating-system-upgrades-keep-devices-up-date--300x200.jpg 300w, https:\/\/mejrcs.com\/wp-content\/uploads\/2024\/11\/serv_0003_businessman-working-installing-update-process-software-updates-operating-system-upgrades-keep-devices-up-date--1024x684.jpg 1024w, https:\/\/mejrcs.com\/wp-content\/uploads\/2024\/11\/serv_0003_businessman-working-installing-update-process-software-updates-operating-system-upgrades-keep-devices-up-date--768x513.jpg 768w, https:\/\/mejrcs.com\/wp-content\/uploads\/2024\/11\/serv_0003_businessman-working-installing-update-process-software-updates-operating-system-upgrades-keep-devices-up-date--18x12.jpg 18w\" sizes=\"(max-width: 1080px) 100vw, 1080px\" \/><\/a><\/div><div class=\"portfolio-entry-details entry-details wpex-first-mt-0 wpex-last-mb-0 wpex-clr\"><h2 class=\"portfolio-entry-title entry-title wpex-text-2xl wpex-mb-5\"><a href=\"https:\/\/mejrcs.com\/es\/portfolio-item\/upgrades-rollouts\/\" title=\"ACTUALIZACIONES \u2013 IMPLEMENTACIONES\">ACTUALIZACIONES \u2013 IMPLEMENTACIONES<\/a><\/h2><div class=\"portfolio-entry-excerpt entry-excerpt wpex-my-15 wpex-text-pretty wpex-last-mb-0 wpex-clr\"><p>Con el objetivo de mantenerse a la vanguardia de la tecnolog\u00eda y aprovechar las \u00faltimas funcionalidades, es esencial realizar actualizaciones peri\u00f3dicas de su sistema SAP. Nuestro servicio de Upgrades \u2013 Rollouts lo ayuda a migrar a las versiones m\u00e1s recientes de SAP de manera segura y eficiente, asegurando que su empresa est\u00e9 equipada con las herramientas m\u00e1s actualizadas y potentes. Adem\u00e1s, si su empresa est\u00e1 expandi\u00e9ndose a nuevas ubicaciones o l\u00edneas de negocio, nuestro equipo est\u00e1 preparado para llevar a cabo rollouts exitosos que se ajusten a las necesidades espec\u00edficas de cada sucursal o divisi\u00f3n. Trabajamos en estrecha colaboraci\u00f3n con su equipo para minimizar los riesgos y garantizar una transici\u00f3n fluida y exitosa.<\/p><\/div><\/div><\/div><\/div><div class=\"portfolio-entry vcex-grid-item entry-has-details span_1_of_1 col vcex-isotope-entry entry post-1103 type-portfolio has-media\"><div class=\"portfolio-entry-inner entry-inner wpex-first-mt-0 wpex-last-mb-0 wpex-md-flex wpex-md-flex-wrap wpex-md-justify-between\"><div class=\"portfolio-entry-media entry-media wpex-relative wpex-mb-20 wpex-md-mb-0\"><a href=\"https:\/\/mejrcs.com\/es\/portfolio-item\/archiving\/\" title=\"ARCHIVO\" class=\"portfolio-entry-media-link\"><img width=\"1080\" height=\"721\" src=\"https:\/\/mejrcs.com\/wp-content\/uploads\/2024\/11\/serv_0004_document-management-system-dms-automation-software-archiving-efficiently-manage.jpg.jpg\" class=\"portfolio-entry-img wpex-align-middle skip-lazy\" alt=\"\" data-no-lazy=\"1\" srcset=\"https:\/\/mejrcs.com\/wp-content\/uploads\/2024\/11\/serv_0004_document-management-system-dms-automation-software-archiving-efficiently-manage.jpg.jpg 1080w, https:\/\/mejrcs.com\/wp-content\/uploads\/2024\/11\/serv_0004_document-management-system-dms-automation-software-archiving-efficiently-manage.jpg-300x200.jpg 300w, https:\/\/mejrcs.com\/wp-content\/uploads\/2024\/11\/serv_0004_document-management-system-dms-automation-software-archiving-efficiently-manage.jpg-1024x684.jpg 1024w, https:\/\/mejrcs.com\/wp-content\/uploads\/2024\/11\/serv_0004_document-management-system-dms-automation-software-archiving-efficiently-manage.jpg-768x513.jpg 768w, https:\/\/mejrcs.com\/wp-content\/uploads\/2024\/11\/serv_0004_document-management-system-dms-automation-software-archiving-efficiently-manage.jpg-18x12.jpg 18w\" sizes=\"(max-width: 1080px) 100vw, 1080px\" \/><\/a><\/div><div class=\"portfolio-entry-details entry-details wpex-first-mt-0 wpex-last-mb-0 wpex-clr\"><h2 class=\"portfolio-entry-title entry-title wpex-text-2xl wpex-mb-5\"><a href=\"https:\/\/mejrcs.com\/es\/portfolio-item\/archiving\/\" title=\"ARCHIVO\">ARCHIVO<\/a><\/h2><div class=\"portfolio-entry-excerpt entry-excerpt wpex-my-15 wpex-text-pretty wpex-last-mb-0 wpex-clr\"><p>El manejo adecuado de los datos hist\u00f3ricos es esencial para mantener la agilidad y el rendimiento de su sistema SAP. Nuestro servicio de archiving se enfoca en optimizar el almacenamiento y la gesti\u00f3n de datos, reduciendo costos y mejorando el rendimiento general de su sistema. Implementamos estrategias de archiving personalizadas para garantizar que los datos esenciales est\u00e9n disponibles cuando los necesite y que los datos obsoletos o no utilizados se mantengan de manera eficiente. Adem\u00e1s, nos aseguramos de que sus datos est\u00e9n protegidos y cumplan con los requisitos de privacidad y seguridad.<\/p><\/div><\/div><\/div><\/div><div class=\"portfolio-entry vcex-grid-item entry-has-details span_1_of_1 col vcex-isotope-entry entry post-1105 type-portfolio has-media\"><div class=\"portfolio-entry-inner entry-inner wpex-first-mt-0 wpex-last-mb-0 wpex-md-flex wpex-md-flex-wrap wpex-md-justify-between\"><div class=\"portfolio-entry-media entry-media wpex-relative wpex-mb-20 wpex-md-mb-0\"><a href=\"https:\/\/mejrcs.com\/es\/portfolio-item\/outsourcing\/\" title=\"SUBCONTRATACI\u00d3N\" class=\"portfolio-entry-media-link\"><img width=\"1080\" height=\"721\" src=\"https:\/\/mejrcs.com\/wp-content\/uploads\/2024\/11\/serv_0000_business-concept-with-team-close-up.jpg.jpg\" class=\"portfolio-entry-img wpex-align-middle skip-lazy\" alt=\"\" data-no-lazy=\"1\" srcset=\"https:\/\/mejrcs.com\/wp-content\/uploads\/2024\/11\/serv_0000_business-concept-with-team-close-up.jpg.jpg 1080w, https:\/\/mejrcs.com\/wp-content\/uploads\/2024\/11\/serv_0000_business-concept-with-team-close-up.jpg-300x200.jpg 300w, https:\/\/mejrcs.com\/wp-content\/uploads\/2024\/11\/serv_0000_business-concept-with-team-close-up.jpg-1024x684.jpg 1024w, https:\/\/mejrcs.com\/wp-content\/uploads\/2024\/11\/serv_0000_business-concept-with-team-close-up.jpg-768x513.jpg 768w, https:\/\/mejrcs.com\/wp-content\/uploads\/2024\/11\/serv_0000_business-concept-with-team-close-up.jpg-18x12.jpg 18w\" sizes=\"(max-width: 1080px) 100vw, 1080px\" \/><\/a><\/div><div class=\"portfolio-entry-details entry-details wpex-first-mt-0 wpex-last-mb-0 wpex-clr\"><h2 class=\"portfolio-entry-title entry-title wpex-text-2xl wpex-mb-5\"><a href=\"https:\/\/mejrcs.com\/es\/portfolio-item\/outsourcing\/\" title=\"SUBCONTRATACI\u00d3N\">SUBCONTRATACI\u00d3N<\/a><\/h2><div class=\"portfolio-entry-excerpt entry-excerpt wpex-my-15 wpex-text-pretty wpex-last-mb-0 wpex-clr\"><p>Optimice la gesti\u00f3n de sus recursos y presupuesto al confiar en nuestros servicios de outsourcing SAP. Nuestro equipo de consultores calificados y experimentados puede ayudarlo a externalizar tareas t\u00e9cnicas y funcionales de SAP para que pueda concentrarse en el n\u00facleo de su negocio. Proporcionamos asistencia remota o in situ seg\u00fan sus necesidades y nos aseguramos de que las operaciones cr\u00edticas de SAP de su empresa est\u00e9n en manos expertas y confiables. Con nuestro servicio de outsourcing, experimentar\u00e1 una mayor eficiencia y reducci\u00f3n de costos, lo que le permitir\u00e1 mantenerse competitivo en un mercado en constante cambio.<\/p><\/div><\/div><\/div><\/div><\/div><\/div><\/div><\/div><\/div><\/div>\n<\/div>","protected":false},"excerpt":{"rendered":"Optimize the management of your resources and budget by relying on our SAP outsourcing services. Our team of qualified and experienced consultants can help you outsource SAP technical and functional tasks so you can focus on your core business. We provide remote or on-site support according to your needs and ensure that your company\u2019s critical&hellip;","protected":false},"author":1,"featured_media":0,"parent":0,"menu_order":0,"comment_status":"closed","ping_status":"closed","template":"","meta":{"inline_featured_image":false,"_monsterinsights_skip_tracking":false,"_monsterinsights_sitenote_active":false,"_monsterinsights_sitenote_note":"","_monsterinsights_sitenote_category":0,"footnotes":""},"class_list":["post-1264","page","type-page","status-publish","hentry","entry","has-media"],"yoast_head":"<!-- This site is optimized with the Yoast SEO plugin v23.3 - https:\/\/yoast.com\/wordpress\/plugins\/seo\/ -->\n<title>SAP CONSULTING SERVICES - MEJR Consulting<\/title>\n<meta name=\"robots\" content=\"index, follow, max-snippet:-1, max-image-preview:large, max-video-preview:-1\" \/>\n<link rel=\"canonical\" href=\"https:\/\/mejrcs.com\/es\/sap-consulting-services\/\" \/>\n<meta property=\"og:locale\" content=\"es_ES\" \/>\n<meta property=\"og:type\" content=\"article\" \/>\n<meta property=\"og:title\" content=\"SAP CONSULTING SERVICES - MEJR Consulting\" \/>\n<meta property=\"og:url\" content=\"https:\/\/mejrcs.com\/es\/sap-consulting-services\/\" \/>\n<meta property=\"og:site_name\" content=\"MEJR Consulting\" \/>\n<meta property=\"article:modified_time\" content=\"2025-11-16T18:10:23+00:00\" \/>\n<meta name=\"twitter:card\" content=\"summary_large_image\" \/>\n<meta name=\"twitter:label1\" content=\"Tiempo de lectura\" \/>\n\t<meta name=\"twitter:data1\" content=\"1 minuto\" \/>\n<script type=\"application\/ld+json\" class=\"yoast-schema-graph\">{\"@context\":\"https:\/\/schema.org\",\"@graph\":[{\"@type\":\"WebPage\",\"@id\":\"https:\/\/mejrcs.com\/sap-consulting-services\/\",\"url\":\"https:\/\/mejrcs.com\/sap-consulting-services\/\",\"name\":\"SAP CONSULTING SERVICES - MEJR Consulting\",\"isPartOf\":{\"@id\":\"https:\/\/mejrcs.com\/#website\"},\"datePublished\":\"2025-11-16T17:00:45+00:00\",\"dateModified\":\"2025-11-16T18:10:23+00:00\",\"breadcrumb\":{\"@id\":\"https:\/\/mejrcs.com\/sap-consulting-services\/#breadcrumb\"},\"inLanguage\":\"es\",\"potentialAction\":[{\"@type\":\"ReadAction\",\"target\":[\"https:\/\/mejrcs.com\/sap-consulting-services\/\"]}]},{\"@type\":\"BreadcrumbList\",\"@id\":\"https:\/\/mejrcs.com\/sap-consulting-services\/#breadcrumb\",\"itemListElement\":[{\"@type\":\"ListItem\",\"position\":1,\"name\":\"Portada\",\"item\":\"https:\/\/mejrcs.com\/\"},{\"@type\":\"ListItem\",\"position\":2,\"name\":\"SAP CONSULTING SERVICES\"}]},{\"@type\":\"WebSite\",\"@id\":\"https:\/\/mejrcs.com\/#website\",\"url\":\"https:\/\/mejrcs.com\/\",\"name\":\"MEJR Consulting\",\"description\":\"SAP Consultants\",\"publisher\":{\"@id\":\"https:\/\/mejrcs.com\/#organization\"},\"potentialAction\":[{\"@type\":\"SearchAction\",\"target\":{\"@type\":\"EntryPoint\",\"urlTemplate\":\"https:\/\/mejrcs.com\/?s={search_term_string}\"},\"query-input\":\"required name=search_term_string\"}],\"inLanguage\":\"es\"},{\"@type\":\"Organization\",\"@id\":\"https:\/\/mejrcs.com\/#organization\",\"name\":\"MEJR Consulting\",\"url\":\"https:\/\/mejrcs.com\/\",\"logo\":{\"@type\":\"ImageObject\",\"inLanguage\":\"es\",\"@id\":\"https:\/\/mejrcs.com\/#\/schema\/logo\/image\/\",\"url\":\"https:\/\/mejrcs.com\/wp-content\/uploads\/2025\/09\/logo_banner_2.svg\",\"contentUrl\":\"https:\/\/mejrcs.com\/wp-content\/uploads\/2025\/09\/logo_banner_2.svg\",\"caption\":\"MEJR Consulting\"},\"image\":{\"@id\":\"https:\/\/mejrcs.com\/#\/schema\/logo\/image\/\"}}]}<\/script>\n<!-- \/ Yoast SEO plugin. -->","yoast_head_json":{"title":"SAP CONSULTING SERVICES - MEJR Consulting","robots":{"index":"index","follow":"follow","max-snippet":"max-snippet:-1","max-image-preview":"max-image-preview:large","max-video-preview":"max-video-preview:-1"},"canonical":"https:\/\/mejrcs.com\/es\/sap-consulting-services\/","og_locale":"es_ES","og_type":"article","og_title":"SAP CONSULTING SERVICES - MEJR Consulting","og_url":"https:\/\/mejrcs.com\/es\/sap-consulting-services\/","og_site_name":"MEJR Consulting","article_modified_time":"2025-11-16T18:10:23+00:00","twitter_card":"summary_large_image","twitter_misc":{"Tiempo de lectura":"1 minuto"},"schema":{"@context":"https:\/\/schema.org","@graph":[{"@type":"WebPage","@id":"https:\/\/mejrcs.com\/sap-consulting-services\/","url":"https:\/\/mejrcs.com\/sap-consulting-services\/","name":"SAP CONSULTING SERVICES - MEJR Consulting","isPartOf":{"@id":"https:\/\/mejrcs.com\/#website"},"datePublished":"2025-11-16T17:00:45+00:00","dateModified":"2025-11-16T18:10:23+00:00","breadcrumb":{"@id":"https:\/\/mejrcs.com\/sap-consulting-services\/#breadcrumb"},"inLanguage":"es","potentialAction":[{"@type":"ReadAction","target":["https:\/\/mejrcs.com\/sap-consulting-services\/"]}]},{"@type":"BreadcrumbList","@id":"https:\/\/mejrcs.com\/sap-consulting-services\/#breadcrumb","itemListElement":[{"@type":"ListItem","position":1,"name":"Portada","item":"https:\/\/mejrcs.com\/"},{"@type":"ListItem","position":2,"name":"SAP CONSULTING SERVICES"}]},{"@type":"WebSite","@id":"https:\/\/mejrcs.com\/#website","url":"https:\/\/mejrcs.com\/","name":"MEJR Consulting","description":"SAP Consultants","publisher":{"@id":"https:\/\/mejrcs.com\/#organization"},"potentialAction":[{"@type":"SearchAction","target":{"@type":"EntryPoint","urlTemplate":"https:\/\/mejrcs.com\/?s={search_term_string}"},"query-input":"required name=search_term_string"}],"inLanguage":"es"},{"@type":"Organization","@id":"https:\/\/mejrcs.com\/#organization","name":"MEJR Consulting","url":"https:\/\/mejrcs.com\/","logo":{"@type":"ImageObject","inLanguage":"es","@id":"https:\/\/mejrcs.com\/#\/schema\/logo\/image\/","url":"https:\/\/mejrcs.com\/wp-content\/uploads\/2025\/09\/logo_banner_2.svg","contentUrl":"https:\/\/mejrcs.com\/wp-content\/uploads\/2025\/09\/logo_banner_2.svg","caption":"MEJR Consulting"},"image":{"@id":"https:\/\/mejrcs.com\/#\/schema\/logo\/image\/"}}]}},"_links":{"self":[{"href":"https:\/\/mejrcs.com\/es\/wp-json\/wp\/v2\/pages\/1264","targetHints":{"allow":["GET"]}}],"collection":[{"href":"https:\/\/mejrcs.com\/es\/wp-json\/wp\/v2\/pages"}],"about":[{"href":"https:\/\/mejrcs.com\/es\/wp-json\/wp\/v2\/types\/page"}],"author":[{"embeddable":true,"href":"https:\/\/mejrcs.com\/es\/wp-json\/wp\/v2\/users\/1"}],"replies":[{"embeddable":true,"href":"https:\/\/mejrcs.com\/es\/wp-json\/wp\/v2\/comments?post=1264"}],"version-history":[{"count":13,"href":"https:\/\/mejrcs.com\/es\/wp-json\/wp\/v2\/pages\/1264\/revisions"}],"predecessor-version":[{"id":1295,"href":"https:\/\/mejrcs.com\/es\/wp-json\/wp\/v2\/pages\/1264\/revisions\/1295"}],"wp:attachment":[{"href":"https:\/\/mejrcs.com\/es\/wp-json\/wp\/v2\/media?parent=1264"}],"curies":[{"name":"wp","href":"https:\/\/api.w.org\/{rel}","templated":true}]}}